{"id":2114,"date":"2022-08-11T18:24:05","date_gmt":"2022-08-11T18:24:05","guid":{"rendered":"https:\/\/simusar.com.br\/wfe\/?page_id=2114"},"modified":"2025-03-17T12:02:54","modified_gmt":"2025-03-17T12:02:54","slug":"editais","status":"publish","type":"page","link":"https:\/\/simusar.com.br\/wfe\/editais\/","title":{"rendered":"Editais"},"content":{"rendered":"\n<div class=\"wp-block-file\"><a id=\"wp-block-file--media-10cd854c-18b0-44b7-87ab-d09ca6abda8b\" href=\"https:\/\/simusar.com.br\/wfe\/wp-content\/uploads\/2025\/03\/edital-03.25.pdf\"><strong>Edital Assembleia Geral &#8211; 03\/2025<\/strong><\/a><a href=\"https:\/\/simusar.com.br\/wfe\/wp-content\/uploads\/2025\/03\/edital-03.25.pdf\" class=\"wp-block-file__button wp-element-button\" download aria-describedby=\"wp-block-file--media-10cd854c-18b0-44b7-87ab-d09ca6abda8b\">Baixar<\/a><\/div>\n\n\n\n<div class=\"wp-block-file\"><a id=\"wp-block-file--media-f29d132c-4815-48b7-a344-2d70e3f4e228\" href=\"https:\/\/simusar.com.br\/wfe\/wp-content\/uploads\/2025\/02\/edital-02-2025.pdf\"><strong>Edital Assembleia Geral Extraordin\u00e1ria &#8211; 02\/2025<\/strong><\/a><a href=\"https:\/\/simusar.com.br\/wfe\/wp-content\/uploads\/2025\/02\/edital-02-2025.pdf\" class=\"wp-block-file__button wp-element-button\" download aria-describedby=\"wp-block-file--media-f29d132c-4815-48b7-a344-2d70e3f4e228\">Baixar<\/a><\/div>\n\n\n\n<div class=\"wp-block-file\"><a id=\"wp-block-file--media-8a674455-6f26-461a-a116-cf468ec5e21e\" href=\"http:\/\/simusar.com.br\/wfe\/wp-content\/uploads\/2025\/01\/edital-01.25.pdf\"><strong>Edital Assembl\u00e9ia Extraordin\u00e1ria &#8211; 01.25<\/strong><\/a><a href=\"http:\/\/simusar.com.br\/wfe\/wp-content\/uploads\/2025\/01\/edital-01.25.pdf\" class=\"wp-block-file__button wp-element-button\" download aria-describedby=\"wp-block-file--media-8a674455-6f26-461a-a116-cf468ec5e21e\">Baixar<\/a><\/div>\n\n\n\n<div class=\"wp-block-file\"><a id=\"wp-block-file--media-b4a64497-4ce3-4262-926f-bb530a1766a3\" href=\"https:\/\/simusar.com.br\/wfe\/wp-content\/uploads\/2024\/11\/Edital_assinado.pdf\"><strong>Edital Assembleia Geral Ordin\u00e1ria<\/strong><\/a><a href=\"https:\/\/simusar.com.br\/wfe\/wp-content\/uploads\/2024\/11\/Edital_assinado.pdf\" class=\"wp-block-file__button wp-element-button\" download aria-describedby=\"wp-block-file--media-b4a64497-4ce3-4262-926f-bb530a1766a3\">Baixar<\/a><\/div>\n\n\n\n<div class=\"wp-block-file\"><a id=\"wp-block-file--media-d41e3c03-66df-43a7-a73b-8eea5eb6c560\" href=\"http:\/\/simusar.com.br\/wfe\/wp-content\/uploads\/2024\/10\/Edital-de-Homologacao-das-Chapas-Inscritas.pdf\"><strong>Edital de Homologa\u00e7\u00e3o das Chapas Inscritas<\/strong><\/a><a href=\"http:\/\/simusar.com.br\/wfe\/wp-content\/uploads\/2024\/10\/Edital-de-Homologacao-das-Chapas-Inscritas.pdf\" class=\"wp-block-file__button wp-element-button\" download aria-describedby=\"wp-block-file--media-d41e3c03-66df-43a7-a73b-8eea5eb6c560\">Baixar<\/a><\/div>\n\n\n\n<div style=\"height:54px\" aria-hidden=\"true\" class=\"wp-block-spacer\"><\/div>\n\n\n\n<p><\/p>\n\n\n\n<p><strong>EDITAL DE CONVOCA\u00c7\u00c3O DE ELEI\u00c7\u00d5ES<\/strong> <strong>2024<\/strong> <\/p>\n\n\n\n<div class=\"wp-block-file\"><a id=\"wp-block-file--media-9d4619a2-a35b-486c-a940-90ac63da4fa6\" href=\"https:\/\/simusar.com.br\/wfe\/wp-content\/uploads\/2024\/09\/Edital-eleicoes-simusar.pdf\"><strong>BAIXAR EDITAR<\/strong><\/a><a href=\"https:\/\/simusar.com.br\/wfe\/wp-content\/uploads\/2024\/09\/Edital-eleicoes-simusar.pdf\" class=\"wp-block-file__button wp-element-button\" download aria-describedby=\"wp-block-file--media-9d4619a2-a35b-486c-a940-90ac63da4fa6\">Baixar<\/a><\/div>\n\n\n\n<div style=\"height:54px\" aria-hidden=\"true\" class=\"wp-block-spacer\"><\/div>\n\n\n\n<p>EDITAL N\u00ba 04\/2024 Assembleia Geral Extraordin\u00e1ria &#8211; 08\/08\/2024<\/p>\n\n\n\n<div class=\"wp-block-file\"><a id=\"wp-block-file--media-7622c4fa-6143-408b-a238-12a08b144df9\" href=\"https:\/\/simusar.com.br\/wfe\/wp-content\/uploads\/2024\/08\/edital-04-2024.pdf\"><strong>BAIXAR EDITAL<\/strong><\/a><a href=\"https:\/\/simusar.com.br\/wfe\/wp-content\/uploads\/2024\/08\/edital-04-2024.pdf\" class=\"wp-block-file__button wp-element-button\" download aria-describedby=\"wp-block-file--media-7622c4fa-6143-408b-a238-12a08b144df9\">Baixar<\/a><\/div>\n\n\n\n<p>EDITAL N\u00ba 04\/2024 Assembleia Geral Extraordin\u00e1ria &#8211; 04\/07\/2024<\/p>\n\n\n\n<div class=\"wp-block-file\"><a id=\"wp-block-file--media-1a4592a9-5c05-4038-8c8a-8ffe4df3ff3f\" href=\"https:\/\/simusar.com.br\/wfe\/wp-content\/uploads\/2024\/06\/edital-04.24.pdf\"><strong>BAIXAR EDITAL<\/strong><\/a><a href=\"https:\/\/simusar.com.br\/wfe\/wp-content\/uploads\/2024\/06\/edital-04.24.pdf\" class=\"wp-block-file__button wp-element-button\" download aria-describedby=\"wp-block-file--media-1a4592a9-5c05-4038-8c8a-8ffe4df3ff3f\">Baixar<\/a><\/div>\n\n\n\n<p>EDITAL N\u00ba 03\/2024 Assembleia Geral Extraordin\u00e1ria &#8211; 25\/04\/2024<\/p>\n\n\n\n<div class=\"wp-block-file\"><a id=\"wp-block-file--media-6b14ad3a-ab33-4550-99a9-e075d793a633\" href=\"https:\/\/simusar.com.br\/wfe\/wp-content\/uploads\/2024\/04\/Convocacao-edital-03.24.pdf\"><strong>Baixar Edital<\/strong><\/a><a href=\"https:\/\/simusar.com.br\/wfe\/wp-content\/uploads\/2024\/04\/Convocacao-edital-03.24.pdf\" class=\"wp-block-file__button wp-element-button\" download aria-describedby=\"wp-block-file--media-6b14ad3a-ab33-4550-99a9-e075d793a633\">Baixar<\/a><\/div>\n\n\n\n<p>EDITAL N\u00ba 02\/2024 Assembleia Geral Ordin\u00e1ria &#8211; 22\/02\/2024<\/p>\n\n\n\n<div class=\"wp-block-file\"><a id=\"wp-block-file--media-bff5a861-5dc0-427a-b6f4-b2fcb97728a1\" href=\"http:\/\/simusar.com.br\/wfe\/wp-content\/uploads\/2024\/02\/convocacao-edital-02.24.pdf\"><strong>Baixar Edital<\/strong><\/a><a href=\"http:\/\/simusar.com.br\/wfe\/wp-content\/uploads\/2024\/02\/convocacao-edital-02.24.pdf\" class=\"wp-block-file__button wp-element-button\" download aria-describedby=\"wp-block-file--media-bff5a861-5dc0-427a-b6f4-b2fcb97728a1\">Baixar<\/a><\/div>\n\n\n\n<p>EDITAL N\u00ba 01\/2024 Assembleia Geral Extraordin\u00e1ria &#8211; 16\/01\/2024<\/p>\n\n\n\n<div class=\"wp-block-file\"><a id=\"wp-block-file--media-bff5a861-5dc0-427a-b6f4-b2fcb97728a1\" href=\"http:\/\/simusar.com.br\/wfe\/wp-content\/uploads\/2024\/01\/edital-01-24.pdf\"><strong>Baixar Edital<\/strong><\/a><a href=\"http:\/\/simusar.com.br\/wfe\/wp-content\/uploads\/2024\/01\/edital-01-24.pdf\" class=\"wp-block-file__button wp-element-button\" download aria-describedby=\"wp-block-file--media-bff5a861-5dc0-427a-b6f4-b2fcb97728a1\">Baixar<\/a><\/div>\n\n\n\n<p>EDITAL N\u00ba 02\/2023 Assembleia Geral &#8211; 08\/03\/2023<\/p>\n\n\n\n<div class=\"wp-block-file\"><a id=\"wp-block-file--media-a3acf824-95c4-4aa3-befc-6daaab887301\" href=\"https:\/\/simusar.com.br\/wfe\/wp-content\/uploads\/2023\/03\/edital02-2023.pdf\" target=\"_blank\" rel=\"noreferrer noopener\"><strong>Baixar Edital<\/strong><\/a><a href=\"https:\/\/simusar.com.br\/wfe\/wp-content\/uploads\/2023\/03\/edital02-2023.pdf\" class=\"wp-block-file__button wp-element-button\" download aria-describedby=\"wp-block-file--media-a3acf824-95c4-4aa3-befc-6daaab887301\">Baixar<\/a><\/div>\n\n\n\n<p>EDITAL N\u00ba 02\/2022 Assembleia Geral &#8211; 10\/11\/2022<\/p>\n\n\n\n<div class=\"wp-block-file\"><a id=\"wp-block-file--media-a3acf824-95c4-4aa3-befc-6daaab887301\" href=\"https:\/\/simusar.com.br\/wfe\/wp-content\/uploads\/2022\/11\/edital-02-2022.pdf\"><strong>Baixar Edital<\/strong><\/a><a href=\"https:\/\/simusar.com.br\/wfe\/wp-content\/uploads\/2022\/11\/edital-02-2022.pdf\" class=\"wp-block-file__button wp-element-button\" download aria-describedby=\"wp-block-file--media-a3acf824-95c4-4aa3-befc-6daaab887301\">Baixar<\/a><\/div>\n\n\n\n<p>EDITAL N\u00ba 01\/2022 Assembleia Geral Extraordin\u00e1ria &#8211; 17\/03\/2022<\/p>\n\n\n\n<div class=\"wp-block-file\"><a id=\"wp-block-file--media-a3acf824-95c4-4aa3-befc-6daaab887301\" href=\"https:\/\/simusar.com.br\/wfe\/wp-content\/uploads\/2022\/08\/edital-01-2022.pdf\"><strong>Baixar Edital<\/strong><\/a><a href=\"https:\/\/simusar.com.br\/wfe\/wp-content\/uploads\/2022\/08\/edital-01-2022.pdf\" class=\"wp-block-file__button wp-element-button\" download aria-describedby=\"wp-block-file--media-a3acf824-95c4-4aa3-befc-6daaab887301\">Baixar<\/a><\/div>\n\n\n\n<p>EDITAL N\u00ba 01\/2022 Assembleia Geral Extraordin\u00e1ria &#8211; 30\/06\/2022<\/p>\n\n\n\n<div class=\"wp-block-file\"><a id=\"wp-block-file--media-eb82c43e-7fd8-4738-8480-33ec2c39ce87\" href=\"http:\/\/simusar.com.br\/wfe\/wp-content\/uploads\/2022\/08\/edital-02-2022.pdf\"><strong>Baixar Edital <\/strong><\/a><a href=\"http:\/\/simusar.com.br\/wfe\/wp-content\/uploads\/2022\/08\/edital-02-2022.pdf\" class=\"wp-block-file__button wp-element-button\" download aria-describedby=\"wp-block-file--media-eb82c43e-7fd8-4738-8480-33ec2c39ce87\">Baixar<\/a><\/div>\n\n\n\n<div style=\"height:54px\" aria-hidden=\"true\" class=\"wp-block-spacer\"><\/div>\n","protected":false},"excerpt":{"rendered":"<p>EDITAL DE CONVOCA\u00c7\u00c3O DE ELEI\u00c7\u00d5ES 2024 EDITAL N\u00ba 04\/2024 Assembleia Geral Extraordin\u00e1ria &#8211; 08\/08\/2024 EDITAL N\u00ba 04\/2024 Assembleia Geral Extraordin\u00e1ria &#8211; 04\/07\/2024 EDITAL N\u00ba 03\/2024 Assembleia Geral Extraordin\u00e1ria &#8211; 25\/04\/2024 EDITAL N\u00ba 02\/2024 Assembleia Geral Ordin\u00e1ria &#8211; 22\/02\/2024 EDITAL N\u00ba 01\/2024 Assembleia Geral Extraordin\u00e1ria &#8211; 16\/01\/2024 EDITAL N\u00ba 02\/2023 Assembleia Geral &#8211; 08\/03\/2023 EDITAL N\u00ba [&hellip;]<\/p>\n","protected":false},"author":1,"featured_media":0,"parent":0,"menu_order":0,"comment_status":"closed","ping_status":"closed","template":"","meta":{"_eb_attr":"","footnotes":""},"class_list":["post-2114","page","type-page","status-publish","hentry"],"yoast_head":"<!-- This site is optimized with the Yoast SEO plugin v26.2 - https:\/\/yoast.com\/wordpress\/plugins\/seo\/ -->\n<title>Editais - SIMUSAR<\/title>\n<meta name=\"robots\" content=\"index, follow, max-snippet:-1, max-image-preview:large, max-video-preview:-1\" \/>\n<link rel=\"canonical\" href=\"https:\/\/simusar.com.br\/wfe\/editais\/\" \/>\n<meta property=\"og:locale\" content=\"pt_BR\" \/>\n<meta property=\"og:type\" content=\"article\" \/>\n<meta property=\"og:title\" content=\"Editais - SIMUSAR\" \/>\n<meta property=\"og:description\" content=\"EDITAL DE CONVOCA\u00c7\u00c3O DE ELEI\u00c7\u00d5ES 2024 EDITAL N\u00ba 04\/2024 Assembleia Geral Extraordin\u00e1ria &#8211; 08\/08\/2024 EDITAL N\u00ba 04\/2024 Assembleia Geral Extraordin\u00e1ria &#8211; 04\/07\/2024 EDITAL N\u00ba 03\/2024 Assembleia Geral Extraordin\u00e1ria &#8211; 25\/04\/2024 EDITAL N\u00ba 02\/2024 Assembleia Geral Ordin\u00e1ria &#8211; 22\/02\/2024 EDITAL N\u00ba 01\/2024 Assembleia Geral Extraordin\u00e1ria &#8211; 16\/01\/2024 EDITAL N\u00ba 02\/2023 Assembleia Geral &#8211; 08\/03\/2023 EDITAL N\u00ba [&hellip;]\" \/>\n<meta property=\"og:url\" content=\"https:\/\/simusar.com.br\/wfe\/editais\/\" \/>\n<meta property=\"og:site_name\" content=\"SIMUSAR\" \/>\n<meta property=\"article:publisher\" content=\"https:\/\/www.facebook.com\/simusaroficial\" \/>\n<meta property=\"article:modified_time\" content=\"2025-03-17T12:02:54+00:00\" \/>\n<meta name=\"twitter:card\" content=\"summary_large_image\" \/>\n<meta name=\"twitter:label1\" content=\"Est. tempo de leitura\" \/>\n\t<meta name=\"twitter:data1\" content=\"1 minuto\" \/>\n<script type=\"application\/ld+json\" class=\"yoast-schema-graph\">{\"@context\":\"https:\/\/schema.org\",\"@graph\":[{\"@type\":\"WebPage\",\"@id\":\"https:\/\/simusar.com.br\/wfe\/editais\/\",\"url\":\"https:\/\/simusar.com.br\/wfe\/editais\/\",\"name\":\"Editais - SIMUSAR\",\"isPartOf\":{\"@id\":\"https:\/\/simusar.com.br\/wfe\/#website\"},\"datePublished\":\"2022-08-11T18:24:05+00:00\",\"dateModified\":\"2025-03-17T12:02:54+00:00\",\"breadcrumb\":{\"@id\":\"https:\/\/simusar.com.br\/wfe\/editais\/#breadcrumb\"},\"inLanguage\":\"pt-BR\",\"potentialAction\":[{\"@type\":\"ReadAction\",\"target\":[\"https:\/\/simusar.com.br\/wfe\/editais\/\"]}]},{\"@type\":\"BreadcrumbList\",\"@id\":\"https:\/\/simusar.com.br\/wfe\/editais\/#breadcrumb\",\"itemListElement\":[{\"@type\":\"ListItem\",\"position\":1,\"name\":\"In\u00edcio\",\"item\":\"https:\/\/simusar.com.br\/wfe\/\"},{\"@type\":\"ListItem\",\"position\":2,\"name\":\"Editais\"}]},{\"@type\":\"WebSite\",\"@id\":\"https:\/\/simusar.com.br\/wfe\/#website\",\"url\":\"https:\/\/simusar.com.br\/wfe\/\",\"name\":\"SIMUSAR\",\"description\":\"Sindicatos dos Servidores Municipais de Santa Rosa\",\"publisher\":{\"@id\":\"https:\/\/simusar.com.br\/wfe\/#organization\"},\"potentialAction\":[{\"@type\":\"SearchAction\",\"target\":{\"@type\":\"EntryPoint\",\"urlTemplate\":\"https:\/\/simusar.com.br\/wfe\/?s={search_term_string}\"},\"query-input\":{\"@type\":\"PropertyValueSpecification\",\"valueRequired\":true,\"valueName\":\"search_term_string\"}}],\"inLanguage\":\"pt-BR\"},{\"@type\":\"Organization\",\"@id\":\"https:\/\/simusar.com.br\/wfe\/#organization\",\"name\":\"SIMUSAR\",\"url\":\"https:\/\/simusar.com.br\/wfe\/\",\"logo\":{\"@type\":\"ImageObject\",\"inLanguage\":\"pt-BR\",\"@id\":\"https:\/\/simusar.com.br\/wfe\/#\/schema\/logo\/image\/\",\"url\":\"https:\/\/simusar.com.br\/wfe\/wp-content\/uploads\/2022\/05\/logo-perfil.png\",\"contentUrl\":\"https:\/\/simusar.com.br\/wfe\/wp-content\/uploads\/2022\/05\/logo-perfil.png\",\"width\":1080,\"height\":1080,\"caption\":\"SIMUSAR\"},\"image\":{\"@id\":\"https:\/\/simusar.com.br\/wfe\/#\/schema\/logo\/image\/\"},\"sameAs\":[\"https:\/\/www.facebook.com\/simusaroficial\",\"https:\/\/www.instagram.com\/simusaroficial\"]}]}<\/script>\n<!-- \/ Yoast SEO plugin. -->","yoast_head_json":{"title":"Editais - SIMUSAR","robots":{"index":"index","follow":"follow","max-snippet":"max-snippet:-1","max-image-preview":"max-image-preview:large","max-video-preview":"max-video-preview:-1"},"canonical":"https:\/\/simusar.com.br\/wfe\/editais\/","og_locale":"pt_BR","og_type":"article","og_title":"Editais - SIMUSAR","og_description":"EDITAL DE CONVOCA\u00c7\u00c3O DE ELEI\u00c7\u00d5ES 2024 EDITAL N\u00ba 04\/2024 Assembleia Geral Extraordin\u00e1ria &#8211; 08\/08\/2024 EDITAL N\u00ba 04\/2024 Assembleia Geral Extraordin\u00e1ria &#8211; 04\/07\/2024 EDITAL N\u00ba 03\/2024 Assembleia Geral Extraordin\u00e1ria &#8211; 25\/04\/2024 EDITAL N\u00ba 02\/2024 Assembleia Geral Ordin\u00e1ria &#8211; 22\/02\/2024 EDITAL N\u00ba 01\/2024 Assembleia Geral Extraordin\u00e1ria &#8211; 16\/01\/2024 EDITAL N\u00ba 02\/2023 Assembleia Geral &#8211; 08\/03\/2023 EDITAL N\u00ba [&hellip;]","og_url":"https:\/\/simusar.com.br\/wfe\/editais\/","og_site_name":"SIMUSAR","article_publisher":"https:\/\/www.facebook.com\/simusaroficial","article_modified_time":"2025-03-17T12:02:54+00:00","twitter_card":"summary_large_image","twitter_misc":{"Est. tempo de leitura":"1 minuto"},"schema":{"@context":"https:\/\/schema.org","@graph":[{"@type":"WebPage","@id":"https:\/\/simusar.com.br\/wfe\/editais\/","url":"https:\/\/simusar.com.br\/wfe\/editais\/","name":"Editais - SIMUSAR","isPartOf":{"@id":"https:\/\/simusar.com.br\/wfe\/#website"},"datePublished":"2022-08-11T18:24:05+00:00","dateModified":"2025-03-17T12:02:54+00:00","breadcrumb":{"@id":"https:\/\/simusar.com.br\/wfe\/editais\/#breadcrumb"},"inLanguage":"pt-BR","potentialAction":[{"@type":"ReadAction","target":["https:\/\/simusar.com.br\/wfe\/editais\/"]}]},{"@type":"BreadcrumbList","@id":"https:\/\/simusar.com.br\/wfe\/editais\/#breadcrumb","itemListElement":[{"@type":"ListItem","position":1,"name":"In\u00edcio","item":"https:\/\/simusar.com.br\/wfe\/"},{"@type":"ListItem","position":2,"name":"Editais"}]},{"@type":"WebSite","@id":"https:\/\/simusar.com.br\/wfe\/#website","url":"https:\/\/simusar.com.br\/wfe\/","name":"SIMUSAR","description":"Sindicatos dos Servidores Municipais de Santa Rosa","publisher":{"@id":"https:\/\/simusar.com.br\/wfe\/#organization"},"potentialAction":[{"@type":"SearchAction","target":{"@type":"EntryPoint","urlTemplate":"https:\/\/simusar.com.br\/wfe\/?s={search_term_string}"},"query-input":{"@type":"PropertyValueSpecification","valueRequired":true,"valueName":"search_term_string"}}],"inLanguage":"pt-BR"},{"@type":"Organization","@id":"https:\/\/simusar.com.br\/wfe\/#organization","name":"SIMUSAR","url":"https:\/\/simusar.com.br\/wfe\/","logo":{"@type":"ImageObject","inLanguage":"pt-BR","@id":"https:\/\/simusar.com.br\/wfe\/#\/schema\/logo\/image\/","url":"https:\/\/simusar.com.br\/wfe\/wp-content\/uploads\/2022\/05\/logo-perfil.png","contentUrl":"https:\/\/simusar.com.br\/wfe\/wp-content\/uploads\/2022\/05\/logo-perfil.png","width":1080,"height":1080,"caption":"SIMUSAR"},"image":{"@id":"https:\/\/simusar.com.br\/wfe\/#\/schema\/logo\/image\/"},"sameAs":["https:\/\/www.facebook.com\/simusaroficial","https:\/\/www.instagram.com\/simusaroficial"]}]}},"_links":{"self":[{"href":"https:\/\/simusar.com.br\/wfe\/wp-json\/wp\/v2\/pages\/2114","targetHints":{"allow":["GET"]}}],"collection":[{"href":"https:\/\/simusar.com.br\/wfe\/wp-json\/wp\/v2\/pages"}],"about":[{"href":"https:\/\/simusar.com.br\/wfe\/wp-json\/wp\/v2\/types\/page"}],"author":[{"embeddable":true,"href":"https:\/\/simusar.com.br\/wfe\/wp-json\/wp\/v2\/users\/1"}],"replies":[{"embeddable":true,"href":"https:\/\/simusar.com.br\/wfe\/wp-json\/wp\/v2\/comments?post=2114"}],"version-history":[{"count":18,"href":"https:\/\/simusar.com.br\/wfe\/wp-json\/wp\/v2\/pages\/2114\/revisions"}],"predecessor-version":[{"id":3371,"href":"https:\/\/simusar.com.br\/wfe\/wp-json\/wp\/v2\/pages\/2114\/revisions\/3371"}],"wp:attachment":[{"href":"https:\/\/simusar.com.br\/wfe\/wp-json\/wp\/v2\/media?parent=2114"}],"curies":[{"name":"wp","href":"https:\/\/api.w.org\/{rel}","templated":true}]}}